{"id":1812,"date":"2023-09-21T07:54:15","date_gmt":"2023-09-21T07:54:15","guid":{"rendered":"https:\/\/1492colonialegroup.com\/pressnews\/"},"modified":"2026-02-06T11:49:03","modified_gmt":"2026-02-06T11:49:03","slug":"pressnews","status":"publish","type":"page","link":"https:\/\/1492colonialegroup.com\/en\/pressnews\/","title":{"rendered":"Press&#038;News"},"content":{"rendered":"\t\t<div data-elementor-type=\"wp-page\" data-elementor-id=\"1812\" class=\"elementor elementor-1812 elementor-37\" data-elementor-post-type=\"page\">\n\t\t\t\t\t\t<section class=\"elementor-section elementor-top-section elementor-element elementor-element-5fae744 elementor-section-full_width elementor-section-height-min-height elementor-section-items-stretch elementor-section-height-default\" data-id=\"5fae744\" data-element_type=\"section\" data-e-type=\"section\" id=\"section-pressnews\" data-settings=\"{&quot;background_background&quot;:&quot;classic&quot;}\">\n\t\t\t\t\t\t<div class=\"elementor-container elementor-column-gap-no\">\n\t\t\t\t\t<div class=\"elementor-column elementor-col-100 elementor-top-column elementor-element elementor-element-1692630\" data-id=\"1692630\" data-element_type=\"column\" data-e-type=\"column\">\n\t\t\t<div class=\"elementor-widget-wrap elementor-element-populated\">\n\t\t\t\t\t\t<div class=\"elementor-element elementor-element-d69246a .copertina-press-news dce_masking-none elementor-invisible elementor-widget elementor-widget-image\" data-id=\"d69246a\" data-element_type=\"widget\" data-e-type=\"widget\" data-settings=\"{&quot;_animation&quot;:&quot;fadeIn&quot;}\" data-widget_type=\"image.default\">\n\t\t\t\t<div class=\"elementor-widget-container\">\n\t\t\t\t\t\t\t\t\t\t\t\t\t\t\t<img fetchpriority=\"high\" decoding=\"async\" width=\"1024\" height=\"463\" src=\"https:\/\/1492colonialegroup.com\/wp-content\/uploads\/2024\/07\/copertina-press-1024x683-2.webp\" class=\"attachment-2048x2048 size-2048x2048 wp-image-5805\" alt=\"\" srcset=\"https:\/\/1492colonialegroup.com\/wp-content\/uploads\/2024\/07\/copertina-press-1024x683-2.webp 1024w, https:\/\/1492colonialegroup.com\/wp-content\/uploads\/2024\/07\/copertina-press-1024x683-2-300x136.webp 300w, https:\/\/1492colonialegroup.com\/wp-content\/uploads\/2024\/07\/copertina-press-1024x683-2-768x347.webp 768w\" sizes=\"(max-width: 1024px) 100vw, 1024px\" \/>\t\t\t\t\t\t\t\t\t\t\t\t\t\t\t<\/div>\n\t\t\t\t<\/div>\n\t\t\t\t\t<\/div>\n\t\t<\/div>\n\t\t\t\t\t<\/div>\n\t\t<\/section>\n\t\t\t\t<section data-dce-background-color=\"#E8E6DF00\" class=\"elementor-section elementor-top-section elementor-element elementor-element-a3452ce elementor-section-full_width elementor-section-content-middle elementor-section-height-default elementor-section-height-default\" data-id=\"a3452ce\" data-element_type=\"section\" data-e-type=\"section\" id=\"section-newss\" data-settings=\"{&quot;background_background&quot;:&quot;classic&quot;}\">\n\t\t\t\t\t\t<div class=\"elementor-container elementor-column-gap-no\">\n\t\t\t\t\t<div data-dce-background-color=\"#E8E6DF00\" class=\"elementor-column elementor-col-100 elementor-top-column elementor-element elementor-element-c02f850\" data-id=\"c02f850\" data-element_type=\"column\" data-e-type=\"column\" data-settings=\"{&quot;background_background&quot;:&quot;classic&quot;}\">\n\t\t\t<div class=\"elementor-widget-wrap elementor-element-populated\">\n\t\t\t\t\t\t<div class=\"elementor-element elementor-element-a4bbb13 elementor-widget elementor-widget-text-editor\" data-id=\"a4bbb13\" data-element_type=\"widget\" data-e-type=\"widget\" id=\"main-title\" data-widget_type=\"text-editor.default\">\n\t\t\t\t<div class=\"elementor-widget-container\">\n\t\t\t\t\t\t\t\t\t<h1><a style=\"color: #000;\" href=\"https:\/\/1492colonialegroup.com\/category\/press\/\">PRESS<\/a> &amp; <a style=\"color: #000;\" href=\"https:\/\/1492colonialegroup.com\/category\/news\/\">NEWS<\/a>\n<\/h1>\t\t\t\t\t\t\t\t<\/div>\n\t\t\t\t<\/div>\n\t\t\t\t<div class=\"elementor-element elementor-element-3d70bb3 dce_masking-none elementor-invisible elementor-widget elementor-widget-image\" data-id=\"3d70bb3\" data-element_type=\"widget\" data-e-type=\"widget\" data-settings=\"{&quot;_animation&quot;:&quot;fadeInRight&quot;}\" data-widget_type=\"image.default\">\n\t\t\t\t<div class=\"elementor-widget-container\">\n\t\t\t\t\t\t\t\t\t\t\t\t\t\t\t<img decoding=\"async\" width=\"768\" height=\"13\" src=\"https:\/\/1492colonialegroup.com\/wp-content\/uploads\/2023\/09\/line-black-sinistra-768x13.png\" class=\"attachment-medium_large size-medium_large wp-image-1175\" alt=\"\" srcset=\"https:\/\/1492colonialegroup.com\/wp-content\/uploads\/2023\/09\/line-black-sinistra-768x13.png 768w, https:\/\/1492colonialegroup.com\/wp-content\/uploads\/2023\/09\/line-black-sinistra-300x5.png 300w, https:\/\/1492colonialegroup.com\/wp-content\/uploads\/2023\/09\/line-black-sinistra-1024x17.png 1024w, https:\/\/1492colonialegroup.com\/wp-content\/uploads\/2023\/09\/line-black-sinistra-1536x26.png 1536w, https:\/\/1492colonialegroup.com\/wp-content\/uploads\/2023\/09\/line-black-sinistra-2048x35.png 2048w\" sizes=\"(max-width: 768px) 100vw, 768px\" \/>\t\t\t\t\t\t\t\t\t\t\t\t\t\t\t<\/div>\n\t\t\t\t<\/div>\n\t\t\t\t\t<\/div>\n\t\t<\/div>\n\t\t\t\t\t<\/div>\n\t\t<\/section>\n\t\t\t\t<section class=\"elementor-section elementor-top-section elementor-element elementor-element-ccf4e7d elementor-section-boxed elementor-section-height-default elementor-section-height-default\" data-id=\"ccf4e7d\" data-element_type=\"section\" data-e-type=\"section\">\n\t\t\t\t\t\t<div class=\"elementor-container elementor-column-gap-default\">\n\t\t\t\t\t<div class=\"elementor-column elementor-col-100 elementor-top-column elementor-element elementor-element-ce9bd70 elementor-invisible\" data-id=\"ce9bd70\" data-element_type=\"column\" data-e-type=\"column\" data-settings=\"{&quot;animation&quot;:&quot;fadeInUp&quot;}\">\n\t\t\t<div class=\"elementor-widget-wrap elementor-element-populated\">\n\t\t\t\t\t\t<div class=\"elementor-element elementor-element-8440763 elementor-hidden-desktop elementor-hidden-tablet elementor-hidden-mobile elementor-widget elementor-widget-text-editor\" data-id=\"8440763\" data-element_type=\"widget\" data-e-type=\"widget\" data-widget_type=\"text-editor.default\">\n\t\t\t\t<div class=\"elementor-widget-container\">\n\t\t\t\t\t\t\t\t\t<p data-start=\"142\" data-end=\"442\">Nuovi arrivi, storie mai sentite, eventi che lasciano il segno. Qui c\u2019\u00e8 il dietro le quinte di chi vive e respira spirits ogni giorno. Se importiamo qualcosa, \u00e8 perch\u00e9 ha una storia da raccontare \u2014 e questa \u00e8 la pagina dove la raccontiamo. Benvenuto nelle nostre news: non sempre formali, mai banali.<\/p>\t\t\t\t\t\t\t\t<\/div>\n\t\t\t\t<\/div>\n\t\t\t\t<div class=\"elementor-element elementor-element-73f1b12 elementor-search-form--skin-classic elementor-search-form--button-type-icon elementor-search-form--icon-search elementor-widget elementor-widget-search-form\" data-id=\"73f1b12\" data-element_type=\"widget\" data-e-type=\"widget\" data-settings=\"{&quot;skin&quot;:&quot;classic&quot;}\" data-widget_type=\"search-form.default\">\n\t\t\t\t<div class=\"elementor-widget-container\">\n\t\t\t\t\t\t\t<search role=\"search\">\n\t\t\t<form class=\"elementor-search-form\" action=\"https:\/\/1492colonialegroup.com\/en\/\" method=\"get\">\n\t\t\t\t\t\t\t\t\t\t\t\t<div class=\"elementor-search-form__container\">\n\t\t\t\t\t<label class=\"elementor-screen-only\" for=\"elementor-search-form-73f1b12\">Search<\/label>\n\n\t\t\t\t\t\n\t\t\t\t\t<input id=\"elementor-search-form-73f1b12\" placeholder=\"Cerca...\" class=\"elementor-search-form__input\" type=\"search\" name=\"s\" value=\"\">\n\t\t\t\t\t<input type='hidden' name='lang' value='en' \/>\n\t\t\t\t\t\t\t\t\t\t\t<button class=\"elementor-search-form__submit\" type=\"submit\" aria-label=\"Search\">\n\t\t\t\t\t\t\t\t\t\t\t\t\t\t\t<i aria-hidden=\"true\" class=\"fas fa-search\"><\/i>\t\t\t\t\t\t\t\t\t\t\t\t\t<\/button>\n\t\t\t\t\t\n\t\t\t\t\t\t\t\t\t<\/div>\n\t\t\t<\/form>\n\t\t<\/search>\n\t\t\t\t\t\t<\/div>\n\t\t\t\t<\/div>\n\t\t\t\t\t<\/div>\n\t\t<\/div>\n\t\t\t\t\t<\/div>\n\t\t<\/section>\n\t\t\t\t<section class=\"elementor-section elementor-top-section elementor-element elementor-element-13f9258 elementor-section-boxed elementor-section-height-default elementor-section-height-default\" data-id=\"13f9258\" data-element_type=\"section\" data-e-type=\"section\">\n\t\t\t\t\t\t<div class=\"elementor-container elementor-column-gap-default\">\n\t\t\t\t\t<div class=\"elementor-column elementor-col-100 elementor-top-column elementor-element elementor-element-25ecf5f\" data-id=\"25ecf5f\" data-element_type=\"column\" data-e-type=\"column\">\n\t\t\t<div class=\"elementor-widget-wrap elementor-element-populated\">\n\t\t\t\t\t\t\t<\/div>\n\t\t<\/div>\n\t\t\t\t\t<\/div>\n\t\t<\/section>\n\t\t\t\t<\/div>\n\t\t","protected":false},"excerpt":{"rendered":"<p>PRESS &amp; NEWS Nuovi arrivi, storie mai sentite, eventi che lasciano il segno. Qui c\u2019\u00e8 il dietro le quinte di chi vive e respira spirits ogni giorno. Se importiamo qualcosa, \u00e8 perch\u00e9 ha una storia da raccontare \u2014 e questa \u00e8 la pagina dove la raccontiamo. Benvenuto nelle nostre news: non sempre formali, mai banali.<\/p>\n","protected":false},"author":1,"featured_media":0,"parent":0,"menu_order":0,"comment_status":"closed","ping_status":"closed","template":"","meta":{"_acf_changed":false,"footnotes":""},"class_list":["post-1812","page","type-page","status-publish","hentry"],"acf":[],"aioseo_notices":[],"_links":{"self":[{"href":"https:\/\/1492colonialegroup.com\/en\/wp-json\/wp\/v2\/pages\/1812","targetHints":{"allow":["GET"]}}],"collection":[{"href":"https:\/\/1492colonialegroup.com\/en\/wp-json\/wp\/v2\/pages"}],"about":[{"href":"https:\/\/1492colonialegroup.com\/en\/wp-json\/wp\/v2\/types\/page"}],"author":[{"embeddable":true,"href":"https:\/\/1492colonialegroup.com\/en\/wp-json\/wp\/v2\/users\/1"}],"replies":[{"embeddable":true,"href":"https:\/\/1492colonialegroup.com\/en\/wp-json\/wp\/v2\/comments?post=1812"}],"version-history":[{"count":480,"href":"https:\/\/1492colonialegroup.com\/en\/wp-json\/wp\/v2\/pages\/1812\/revisions"}],"predecessor-version":[{"id":7364,"href":"https:\/\/1492colonialegroup.com\/en\/wp-json\/wp\/v2\/pages\/1812\/revisions\/7364"}],"wp:attachment":[{"href":"https:\/\/1492colonialegroup.com\/en\/wp-json\/wp\/v2\/media?parent=1812"}],"curies":[{"name":"wp","href":"https:\/\/api.w.org\/{rel}","templated":true}]}}